{"id":97,"date":"2019-04-24T11:08:26","date_gmt":"2019-04-24T11:08:26","guid":{"rendered":"https:\/\/skischule-sursee.ch\/?page_id=97"},"modified":"2021-11-03T20:56:51","modified_gmt":"2021-11-03T20:56:51","slug":"impressum","status":"publish","type":"page","link":"https:\/\/skischule-sursee.ch\/?page_id=97","title":{"rendered":"Datenschutz"},"content":{"rendered":"<h2>Datenschutzerkl\u00e4rung<\/h2>\n<p>Verantwortliche Stelle im Sinne der Datenschutzgesetze, insbesondere der EU-Datenschutzgrundverordnung (DSGVO), ist:<\/p>\n<p>Skischule Sursee<br \/>\nFlorian Gehrig<br \/>\n6276 Hohenrain<\/p>\n<p>E-Mail: info@skischule-sursee.ch<br \/>\nWebSite: https:\/\/skischule-sursee.ch\/<\/p>\n<h2>Allgemeiner Hinweis<\/h2>\n<p>Gest\u00fctzt auf Artikel 13 der schweizerischen Bundesverfassung und die datenschutzrechtlichen Bestimmungen des Bundes (Datenschutzgesetz, DSG<!--DSG-->) hat jede Person Anspruch auf Schutz ihrer Privatsph\u00e4re sowie auf Schutz vor Missbrauch ihrer pers\u00f6nlichen Daten. Die Betreiber dieser Seiten nehmen den Schutz Ihrer pers\u00f6nlichen Daten sehr ernst. Wir behandeln Ihre personenbezogenen Daten vertraulich und entsprechend der gesetzlichen Datenschutzvorschriften sowie dieser Datenschutzerkl\u00e4rung.<\/p>\n<p>In Zusammenarbeit mit unseren Hosting-Providern bem\u00fchen wir uns, die Datenbanken so gut wie m\u00f6glich vor fremden Zugriffen, Verlusten, Missbrauch oder vor F\u00e4lschung zu sch\u00fctzen.<\/p>\n<p>Wir weisen darauf hin, dass die Daten\u00fcbertragung im Internet (z.B. bei der Kommunikation per E-Mail) Sicherheitsl\u00fccken aufweisen kann. Ein l\u00fcckenloser Schutz der Daten vor dem Zugriff durch Dritte ist nicht m\u00f6glich.<\/p>\n<p>Durch die Nutzung dieser WebSite erkl\u00e4ren Sie sich mit der Erhebung, Verarbeitung und Nutzung von Daten gem\u00e4ss der nachfolgenden Beschreibung einverstanden. Diese WebSite kann grunds\u00e4tzlich ohne Registrierung besucht werden. Dabei werden Daten wie beispielsweise aufgerufene Seiten bzw. Namen der abgerufenen Datei, Datum und Uhrzeit zu statistischen Zwecken auf dem Server gespeichert, ohne dass diese Daten unmittelbar auf Ihre Person bezogen werden. Personenbezogene Daten, insbesondere Name, Adresse oder E-Mail-Adresse werden soweit m\u00f6glich auf freiwilliger Basis erhoben. Ohne Ihre Einwilligung erfolgt keine Weitergabe der Daten an Dritte.<\/p>\n<h2>Datenschutzerkl\u00e4rung f\u00fcr Cookies<\/h2>\n<p>Diese WebSite verwendet Cookies. Das sind kleine Textdateien, die es m\u00f6glich machen, auf dem Endger\u00e4t des Nutzers spezifische, auf den Nutzer bezogene Informationen zu speichern, w\u00e4hrend er die Website nutzt. Cookies erm\u00f6glichen es, insbesondere Nutzungsh\u00e4ufigkeit und Nutzeranzahl der Seiten zu ermitteln, Verhaltensweisen der Seitennutzung zu analysieren, aber auch unser Angebot kundenfreundlicher zu gestalten. <!--Allg.Cookies-->Cookies bleiben \u00fcber das Ende einer Browser-Sitzung gespeichert und k\u00f6nnen bei einem erneuten Seitenbesuch wieder aufgerufen werden. Wenn Sie das nicht w\u00fcnschen, sollten Sie Ihren Internetbrowser so einstellen, dass er die Annahme von Cookies verweigert.<\/p>\n<p>Ein genereller Widerspruch gegen den Einsatz der zu Zwecken des Onlinemarketing eingesetzten Cookies kann bei einer Vielzahl der Dienste, vor allem im Fall des Trackings, \u00fcber die US-amerikanische Seite <a href=\"http:\/\/www.aboutads.info\/choices\/\" target=\"_blank\" rel=\"noopener noreferrer\">http:\/\/www.aboutads.info\/choices\/<\/a> oder die EU-Seite <a href=\"http:\/\/www.youronlinechoices.com\/\" target=\"_blank\" rel=\"noopener noreferrer\">http:\/\/www.youronlinechoices.com\/<\/a> erkl\u00e4rt werden. Des Weiteren kann die Speicherung von Cookies mittels deren Abschaltung in den Einstellungen des Browsers erreicht werden. Bitte beachten Sie, dass dann gegebenenfalls nicht alle Funktionen dieses Onlineangebotes genutzt werden k\u00f6nnen.<\/p>\n<h2>Datenschutzerkl\u00e4rung f\u00fcr SSL-Verschl\u00fcsselung<\/h2>\n<p>Diese WebSite nutzt aus Gr\u00fcnden der Sicherheit und zum Schutz der \u00dcbertragung vertraulicher Inhalte, wie zum Beispiel der Anfragen, die Sie an uns als Seitenbetreiber senden, eine SSL-Verschl\u00fcsselung. Eine verschl\u00fcsselte Verbindung erkennen Sie daran, dass die Adresszeile des Browsers von &#8220;http:\/\/&#8221; auf &#8220;https:\/\/&#8221; wechselt und an dem Schloss-Symbol in Ihrer Browserzeile.<\/p>\n<p>Wenn die SSL Verschl\u00fcsselung aktiviert ist, k\u00f6nnen die Daten, die Sie an uns \u00fcbermitteln, nicht von Dritten mitgelesen werden.<\/p>\n<h2>Datenschutzerkl\u00e4rung f\u00fcr Server-Log-Files<\/h2>\n<p>Der Provider dieser WebSite erhebt und speichert automatisch Informationen in so genannten Server-Log Files, die Ihr Browser automatisch an uns \u00fcbermittelt. Dies sind:<\/p>\n<ul>\n<li>Browsertyp und Browserversion<\/li>\n<li>verwendetes Betriebssystem<\/li>\n<li>Referrer URL<\/li>\n<li>Hostname des zugreifenden Rechners<\/li>\n<li>Uhrzeit der Serveranfrage<\/li>\n<\/ul>\n<p>Diese Daten sind nicht bestimmten Personen zuordenbar. Eine Zusammenf\u00fchrung dieser Daten mit anderen Datenquellen wird nicht vorgenommen. Wir behalten uns vor, diese Daten nachtr\u00e4glich zupr\u00fcfen, wenn uns konkrete Anhaltspunkte f\u00fcr eine rechtswidrige Nutzung bekannt werden.<\/p>\n<h2>Datenschutzerkl\u00e4rung f\u00fcr Kontaktformular<\/h2>\n<p>Wenn Sie uns per Kontaktformular Anfragen zukommen lassen, werden Ihre Angaben aus dem Anfrageformular inklusive der von Ihnen dort angegebenen Kontaktdaten zwecks Bearbeitung der Anfrage und f\u00fcr den Fall von Anschlussfragen bei uns gespeichert. Diese Daten geben wir nicht ohne Ihre Einwilligung weiter.<\/p>\n<h2>Datenschutzerkl\u00e4rung f\u00fcr Newsletterdaten<\/h2>\n<p>Wenn Sie den auf dieser WebSite angebotenen Newsletter beziehen m\u00f6chten, ben\u00f6tigen wir von Ihnen eine E-Mail-Adresse sowie Informationen, welche uns die \u00dcberpr\u00fcfung gestatten, dass Sie der Inhaber der angegebenen E-Mail-Adresse sind und mit dem Empfang des Newsletters einverstanden sind. Weitere Daten werden nicht erhoben. Diese Daten verwenden wir ausschlie\u00dflich f\u00fcr den Versand der angeforderten Informationen und geben sie nicht an Dritte weiter.<\/p>\n<p>Die erteilte Einwilligung zur Speicherung der Daten, der E-Mail-Adresse sowie deren Nutzung zum Versand des Newsletters k\u00f6nnen Sie jederzeit widerrufen, etwa \u00fcber den &#8220;Austragen&#8221;-Link im Newsletter.<\/p>\n<h2>Datenschutzerkl\u00e4rung f\u00fcr Kommentarfunktion auf dieser Webseite<\/h2>\n<p>F\u00fcr die Kommentarfunktion auf dieser WebSite werden neben Ihrem Kommentar auch Angaben zum Zeitpunkt der Erstellung des Kommentars, Ihre E-Mail-Adresse und, wenn Sie nicht anonym posten, der von Ihnen gew\u00e4hlte Nutzername gespeichert.<\/p>\n<p><i>Speicherung der IP Adresse<\/i><\/p>\n<p>Unsere Kommentarfunktion speichert die IP-Adressen der Nutzer, die Kommentare verfassen. Da wir Kommentare auf unserer Seite nicht vor der Freischaltung pr\u00fcfen, ben\u00f6tigen wir diese Daten, um im Falle von Rechtsverletzungen wie Beleidigungen oder Propaganda gegen den Verfasser vorgehen zu k\u00f6nnen.<\/p>\n<p><i>Abonnieren von Kommentaren<\/i><\/p>\n<p>Als Nutzer der Seite k\u00f6nnen Sie nach einer Anmeldung Kommentare abonnieren. Sie erhalten eine Best\u00e4tigungsemail, um zu pr\u00fcfen, ob Sie der Inhaber der angegebenen E-Mail-Adresse sind. Sie k\u00f6nnen diese Funktion jederzeit \u00fcber einen Link in den Info-Mails abbestellen.<\/p>\n<h2>Datenschutzerkl\u00e4rung f\u00fcr Widerspruch Werbe-Mails<\/h2>\n<p>Der Nutzung von im Rahmen der Impressumspflicht ver\u00f6ffentlichten Kontaktdaten zur \u00dcbersendung von nicht ausdr\u00fccklich angeforderter Werbung und Informationsmaterialien wird hiermit widersprochen. Die Betreiber der Seiten behalten sich ausdr\u00fccklich rechtliche Schritte im Falle der unverlangten Zusendung von Werbeinformationen, etwa durch Spam-E-Mails, vor.<\/p>\n<h2>Kostenpflichtige Leistungen<\/h2>\n<p>Zur Erbringung kostenpflichtiger Leistungen werden von uns zus\u00e4tzliche Daten erfragt, wie z.B. Zahlungsangaben, um Ihre Bestellung resp. Ihren Auftrag ausf\u00fchren zu k\u00f6nnen. Wir speichern diese Daten in unseren Systemen, bis die gesetzlichen Aufbewahrungsfristen abgelaufen sind.<\/p>\n<h2>Verwendung von Google Maps<\/h2>\n<p>Diese WebSite verwendet Google Maps API, um geographische Informationen visuell darzustellen. Bei der Nutzung von Google Maps werden von Google auch Daten \u00fcber die Nutzung der Kartenfunktionen durch Besucher erhoben, verarbeitet und genutzt. N\u00e4here Informationen \u00fcber die Datenverarbeitung durch Google k\u00f6nnen Sie <a href=\"http:\/\/www.google.com\/privacypolicy.html\" target=\"_blank\" rel=\"noopener noreferrer\">den Google-Datenschutzhinweisen<\/a> entnehmen. Dort k\u00f6nnen Sie im Datenschutzcenter auch Ihre pers\u00f6nlichen Datenschutz-Einstellungen ver\u00e4ndern.<\/p>\n<p>Ausf\u00fchrliche Anleitungen zur Verwaltung der eigenen Daten im Zusammenhang mit Google-Produkten <a href=\"http:\/\/www.dataliberation.org\/\" target=\"_blank\" rel=\"noopener noreferrer\">finden Sie hier<\/a>.<\/p>\n<h2>Google AdWords<\/h2>\n<p>Diese WebSite nutzt das Google Conversion-Tracking. Sind Sie \u00fcber eine von Google geschaltete Anzeige auf unsere WebSite gelangt, wird von Google Adwords ein Cookie auf Ihrem Rechner gesetzt. Das Cookie f\u00fcr Conversion-Tracking wird gesetzt, wenn ein Nutzer auf eine von Google geschaltete Anzeige klickt. Diese Cookies verlieren nach 30 Tagen ihre G\u00fcltigkeit und dienen nicht der pers\u00f6nlichen Identifizierung. Besucht der Nutzer bestimmte Seiten unserer Website und das Cookie ist noch nicht abgelaufen, k\u00f6nnen wir und Google erkennen, dass der Nutzer auf die Anzeige geklickt hat und zu dieser Seite weitergeleitet wurde. Jeder Google AdWords-Kunde erh\u00e4lt ein anderes Cookie. Cookies k\u00f6nnen somit nicht \u00fcber die Websites von AdWords-Kunden nachverfolgt werden. Die mithilfe des Conversion-Cookies eingeholten Informationen dienen dazu, Conversion-Statistiken f\u00fcr AdWords-Kunden zu erstellen, die sich f\u00fcr Conversion-Tracking entschieden haben. Die Kunden erfahren die Gesamtanzahl der Nutzer, die auf ihre Anzeige geklickt haben und zu einer mit einem Conversion-Tracking-Tag versehenen Seite weitergeleitet wurden. Sie erhalten jedoch keine Informationen, mit denen sich Nutzer pers\u00f6nlich identifizieren lassen.<\/p>\n<p>M\u00f6chten Sie nicht am Tracking teilnehmen, k\u00f6nnen Sie das hierf\u00fcr erforderliche Setzen eines Cookies ablehnen \u2013 etwa per Browser-Einstellung, die das automatische Setzen von Cookies generell deaktiviert oder Ihren Browser so einstellen, dass Cookies von der Domain \u201egoogleleadservices.com\u201c blockiert werden.<\/p>\n<p>Bitte beachten Sie, dass Sie die Opt-out-Cookies nicht l\u00f6schen d\u00fcrfen, solange Sie keine Aufzeichnung von Messdaten w\u00fcnschen. Haben Sie alle Ihre Cookies im Browser gel\u00f6scht, m\u00fcssen Sie das jeweilige Opt-out Cookie erneut setzen.<\/p>\n<h2>Verwendung von Google reCAPTCHA<\/h2>\n<p>Diese WebSite verwendet den Dienst reCAPTCHA der Google Inc. (1600 Amphitheatre Parkway, Mountain View, CA 94043, USA; \u201eGoogle\u201c). Die Abfrage dient dem Zweck der Unterscheidung, ob die Eingabe durch einen Menschen oder durch automatisierte, maschinelle Verarbeitung erfolgt. Die Abfrage schliesst den Versand der IP-Adresse und ggf. weiterer von Google f\u00fcr den Dienst reCAPTCHA ben\u00f6tigter Daten an Google ein. Zu diesem Zweck wird Ihre Eingabe an Google \u00fcbermittelt und dort weiter verwendet. Ihre IP-Adresse wird von Google jedoch innerhalb von Mitgliedstaaten der Europ\u00e4ischen Union oder in anderen Vertragsstaaten des Abkommens \u00fcber den Europ\u00e4ischen Wirtschaftsraum zuvor gek\u00fcrzt. Nur in Ausnahmef\u00e4llen wird die volle IP-Adresse an einen Server von Google in den USA \u00fcbertragen und dort gek\u00fcrzt. Im Auftrag des Betreibers dieser Website wird Google diese Informationen benutzen, um Ihre Nutzung dieses Dienstes auszuwerten. Die im Rahmen von reCaptcha von Ihrem Browser \u00fcbermittelte IP-Adresse wird nicht mit anderen Daten von Google zusammengef\u00fchrt. Ihre Daten werden dabei gegebenenfalls auch in die USA \u00fcbermittelt. F\u00fcr Daten\u00fcbermittlungen in die USA ist ein Angemessenheitsbeschluss der Europ\u00e4ischen Kommission, das &#8220;Privacy Shield&#8221;, vorhanden. Google nimmt am &#8220;Privacy Shield&#8221; teil und hat sich den Vorgaben unterworfen. Mit Bet\u00e4tigen der Abfrage willigen Sie in die Verarbeitung Ihrer Daten ein. Die Verarbeitung erfolgt auf Grundlage des Art. 6 (1) lit. a DSGVO mit Ihrer Einwilligung. Sie k\u00f6nnen Ihre Einwilligung jederzeit widerrufen, ohne dass die Rechtm\u00e4ssigkeit der aufgrund der Einwilligung bis zum Widerruf erfolgten Verarbeitung ber\u00fchrt wird.<\/p>\n<p>N\u00e4here Informationen zu Google reCAPTCHA sowie die dazugeh\u00f6rige Datenschutzerkl\u00e4rung finden Sie unter: <a href=\"https:\/\/www.google.com\/privacy\/ads\/\" target=\"_blank\" rel=\"noopener noreferrer\">https:\/\/www.google.com\/privacy\/ads\/<\/a><\/p>\n<h2>Datenschutzerkl\u00e4rung f\u00fcr Google Analytics<\/h2>\n<p>Diese WebSite verwendet Google Analytics, einen Webanalysedienst von Google Inc., 1600 Amphitheatre Parkway, Mountain View, CA 94043, USA. Zur Deaktivierung von Google Analytiscs stellt Google unter <a style=\"color: inherit;\" href=\"https:\/\/tools.google.com\/dlpage\/gaoptout?hl=de\" target=\"_blank\" rel=\"noopener noreferrer\">https:\/\/tools.google.com\/dlpage\/gaoptout?hl=de<\/a> ein Browser-Plug-In zur Verf\u00fcgung. Google Analytics verwendet Cookies. Das sind kleine Textdateien, die es m\u00f6glich machen, auf dem Endger\u00e4t des Nutzers spezifische, auf den Nutzer bezogene Informationen zu speichern. Diese erm\u00f6glichen eine Analyse der Nutzung unseres Websiteangebotes durch Google. Die durch den Cookie erfassten Informationen \u00fcber die Nutzung unserer Seiten (einschliesslich Ihrer IP-Adresse) werden in der Regel an einen Server von Google in den USA \u00fcbertragen und dort gespeichert. Wir weisen darauf hin, dass auf dieser Website Google Analytics um den Code \u201egat._anonymizeIp();\u201c erweitert wurde, um eine anonymisierte Erfassung von IP-Adressen (sog. IP-Masking<!--SwissAnwalt-->) zu gew\u00e4hrleisten. Ist die Anonymisierung aktiv, k\u00fcrzt Google IP-Adressen innerhalb von Mitgliedstaaten der Europ\u00e4ischen Union oder in anderen Vertragsstaaten des Abkommens \u00fcber den Europ\u00e4ischen Wirtschaftsraum, weswegen keine R\u00fcckschl\u00fcsse auf Ihre Identit\u00e4t m\u00f6glich sind. Nur in Ausnahmef\u00e4llen wird die volle IP-Adresse an einen Server von Google in den USA \u00fcbertragen und dort gek\u00fcrzt. Google beachtet die Datenschutzbestimmungen des \u201ePrivacy Shield\u201c-Abkommens und ist beim \u201ePrivacy Shield\u201c-Programm des US-Handelsministeriums registriert und nutzt die gesammelten Informationen, um die Nutzung unserer Websites auszuwerten, Berichte f\u00fcr uns diesbez\u00fcglich zu verfassen und andere diesbez\u00fcgliche Dienstleistungen an uns zu erbringen. Mehr erfahren Sie unter <a style=\"color: inherit;\" href=\"https:\/\/support.google.com\/analytics\/answer\/6004245?hl=de\" target=\"_blank\" rel=\"noopener noreferrer\">https:\/\/support.google.com\/analytics\/answer\/6004245?hl=de<\/a>.<\/p>\n<h2>Datenschutzerkl\u00e4rung f\u00fcr Facebook<\/h2>\n<p>Diese WebSite verwendet Funktionen von Facebook Inc., 1601 S. California Ave, Palo Alto, CA 94304, USA . Bei Aufruf unserer Seiten mit Facebook-Plug-Ins wird eine Verbindung zwischen Ihrem Browser und den Servern von Facebook aufgebaut. Dabei werden bereits Daten an Facebook \u00fcbertragen. Besitzen Sie einen Facebook-Account, k\u00f6nnen diese Daten damit verkn\u00fcpft werden. Wenn Sie keine Zuordnung dieser Daten zu Ihrem Facebook-Account w\u00fcnschen, loggen Sie sich bitte vor dem Besuch unserer Seite bei Facebook aus. Interaktionen, insbesondere das Nutzen einer Kommentarfunktion oder das Anklicken eines \u201eLike\u201c- oder \u201eTeilen\u201c-Buttons werden ebenfalls an Facebook weitergegeben. Mehr erfahren Sie unter <a style=\"color: inherit;\" href=\"https:\/\/de-de.facebook.com\/about\/privacy\" target=\"_blank\" rel=\"noopener noreferrer\">https:\/\/de-de.facebook.com\/about\/privacy<\/a>.<\/p>\n<h2>Datenschutzerkl\u00e4rung f\u00fcr Instagram<\/h2>\n<p>Auf unseren Seiten sind Funktionen des Dienstes Instagram eingebunden. Diese Funktionen werden angeboten durch die Instagram Inc., 1601 Willow Road, Menlo Park, CA, 94025, USA integriert. Wenn Sie in Ihrem Instagram-Account eingeloggt sind k\u00f6nnen Sie durch Anklicken des Instagram-Buttons die Inhalte unserer Seiten mit Ihrem Instagram-Profil verlinken. Dadurch kann Instagram den Besuch unserer Seiten Ihrem Benutzerkonto zuordnen. Wir weisen darauf hin, dass wir als Anbieter der Seiten keine Kenntnis vom Inhalt der \u00fcbermittelten Daten sowie deren Nutzung durch Instagram erhalten.<\/p>\n<p>Weitere Informationen hierzu finden Sie in der Datenschutzerkl\u00e4rung von Instagram: <a style=\"color: inherit;\" href=\"https:\/\/instagram.com\/about\/legal\/privacy\/\" target=\"_blank\" rel=\"noopener noreferrer\">http:\/\/instagram.com\/about\/legal\/privacy\/<\/a><\/p>\n<h2>Datenschutzerkl\u00e4rung f\u00fcr YouTube<\/h2>\n<p>Diese WebSite nutzt Plugins der von Google betriebenen Seite YouTube. Betreiber der Seiten ist die YouTube, LLC, 901 Cherry Ave., San Bruno, CA 94066, USA. Wenn Sie eine unserer mit einem YouTube-Plugin ausgestatteten Seiten besuchen, wird eine Verbindung zu den Servern von YouTube hergestellt. Dabei wird dem Youtube-Server mitgeteilt, welche unserer Seiten Sie besucht haben.<\/p>\n<p>Wenn Sie in Ihrem YouTube-Account eingeloggt sind erm\u00f6glichen Sie YouTube, Ihr Surfverhalten direkt Ihrem pers\u00f6nlichen Profil zuzuordnen. Dies k\u00f6nnen Sie verhindern, indem Sie sich aus Ihrem YouTube-Account ausloggen.<\/p>\n<p>Weitere Informationen zum Umgang von Nutzerdaten finden Sie in der Datenschutzerkl\u00e4rung von YouTube unter: <a style=\"color: inherit;\" href=\"https:\/\/www.google.de\/intl\/de\/policies\/privacy\" target=\"_blank\" rel=\"noopener noreferrer\">https:\/\/www.google.de\/intl\/de\/policies\/privacy<\/a><\/p>\n<h2>Datenschutzerkl\u00e4rung f\u00fcr Vimeo<\/h2>\n<p>Auf dieser WebSite sind Plugins des Videoportals Vimeo der Vimeo, LLC, 555 West 18th Street, New York, New York 10011, USA eingebunden. Bei jedem Aufruf einer Seite, die ein oder mehrere Vimeo-Videoclips anbietet, wird eine direkte Verbindung zwischen Ihrem Browser und einem Server von Vimeo in den USA hergestellt. Dabei werden Informationen \u00fcber Ihren Besuch und Ihre IP-Adresse dort gespeichert. Durch Interaktionen mit den Vimeo Plugins (z.B. Klicken des Start-Buttons) werden diese Informationen ebenfalls an Vimeo \u00fcbermittelt und dort gespeichert. Die Datenschutzerkl\u00e4rung f\u00fcr Vimeo mit n\u00e4heren Informationen zur Erhebung und Nutzung Ihrer Daten durch Vimeo finden Sie in der <a href=\"http:\/\/vimeo.com\/privacy\">Datenschutzerkl\u00e4rung von Vimeo<\/a>.<\/p>\n<p>Wenn Sie ein Vimeo-Benutzerkonto haben und nicht m\u00f6chten, dass Vimeo \u00fcber diese Website Daten \u00fcber Sie sammelt und mit Ihren bei Vimeo gespeicherten Mitgliedsdaten verkn\u00fcpft, m\u00fcssen Sie sich vor Ihrem Besuch dieser Website bei Vimeo ausloggen.<\/p>\n<p>Ausserdem ruft Vimeo \u00fcber einen iFrame, in dem das Video aufgerufen wird, den Tracker Google Analytics auf. Dabei handelt es sich um ein eigenes Tracking von Vimeo, auf das wir keinen Zugriff haben. Sie k\u00f6nnen das Tracking durch Google Analytics unterbinden, indem Sie die Deaktivierungs-Tools einsetzen, die Google f\u00fcr einige Internet-Browser anbietet. Sie k\u00f6nnen dar\u00fcber hinaus die Erfassung der durch Google Analytics erzeugten und auf ihre Nutzung der Website bezogenen Daten (inkl. Ihrer IP-Adresse) an Google sowie die Verarbeitung dieser Daten durch Google verhindern, indem Sie das unter dem folgenden Link verf\u00fcgbare Browser-Plugin herunterladen und installieren:<\/p>\n<p><a href=\"https:\/\/tools.google.com\/dlpage\/gaoptout?hl=de\" target=\"_blank\" rel=\"noopener noreferrer\">https:\/\/tools.google.com\/dlpage\/gaoptout?hl=de<\/a><\/p>\n<h2>Erbringung unserer Leistungen nach Statuten<\/h2>\n<p>Wir verarbeiten die Daten unserer Mitglieder, Unterst\u00fctzer, Interessenten, Kunden oder sonstiger Personen gem. den datenschutzrechtlichen Bestimmungen des Bundes (Datenschutzgesetz, DSG) und der EU-DSGVO entsprechend Art. 6 Abs. 1 lit. b. DSGVO, sofern wir ihnen gegen\u00fcber vertragliche Leistungen anbieten oder im Rahmen bestehender gesch\u00e4ftlicher Beziehung, z.B. gegen\u00fcber Mitgliedern, t\u00e4tig werden oder selbst Empf\u00e4nger von Leistungen und Zuwendungen sind. Im \u00dcbrigen verarbeiten wir die Daten betroffener Personen gem. Art. 6 Abs. 1 lit. f. DSGVO auf Grundlage unserer berechtigten Interessen, z.B. wenn es sich um administrative Aufgaben oder \u00d6ffentlichkeitsarbeit handelt.<\/p>\n<p>Die hierbei verarbeiteten Daten, die Art, der Umfang und der Zweck und die Erforderlichkeit ihrer Verarbeitung bestimmen sich nach dem zugrundeliegenden Vertragsverh\u00e4ltnis. Dazu geh\u00f6ren grunds\u00e4tzlich Bestands- und Stammdaten der Personen (z.B., Name, Adresse, etc.), als auch die Kontaktdaten (z.B., E-Mailadresse, Telefon, etc.), die Vertragsdaten (z.B., in Anspruch genommene Leistungen, mitgeteilte Inhalte und Informationen, Namen von Kontaktpersonen) und sofern wir zahlungspflichtige Leistungen oder Produkte anbieten, Zahlungsdaten (z.B., Bankverbindung, Zahlungshistorie, etc.).<\/p>\n<p>Wir l\u00f6schen Daten, die zur Erbringung der statutarischen Zwecke nicht mehr erforderlich sind. Dies bestimmt sich entsprechend der jeweiligen Aufgaben und vertraglichen Beziehungen. Im Fall gesch\u00e4ftlicher Verarbeitung bewahren wir die Daten so lange auf, wie sie zur Gesch\u00e4ftsabwicklung, als auch im Hinblick auf etwaige Gew\u00e4hrleistungs- oder Haftungspflichten relevant sein k\u00f6nnen. Die Erforderlichkeit der Aufbewahrung der Daten wird in unregelm\u00e4ssigen Abst\u00e4nden \u00fcberpr\u00fcft. Im \u00dcbrigen gelten die gesetzlichen Aufbewahrungspflichten.<\/p>\n<h2>Urheberrechte<\/h2>\n<p>Die Urheber- und alle anderen Rechte an Inhalten, Bildern, Fotos oder anderen Dateien auf der Website, geh\u00f6ren ausschliesslich dem Betreiber dieser Website oder den speziell genannten Rechteinhabern. Fu\u0308r die Reproduktion von s\u00e4mtlichen Dateien, ist die schriftliche Zustimmung des Urheberrechtstr\u00e4gers im Voraus einzuholen.<\/p>\n<p>Wer ohne Einwilligung des jeweiligen Rechteinhabers eine Urheberrechtsverletzung begeht, kann sich strafbar und allenfalls schadenersatzpflichtig machen.<\/p>\n<h2>Allgemeiner Haftungsausschluss<\/h2>\n<p>Alle Angaben unseres Internetangebotes wurden sorgf\u00e4ltig gepr\u00fcft. Wir bem\u00fchen uns, unser Informationsangebot aktuell, inhaltlich richtig und vollst\u00e4ndig anzubieten. Trotzdem kann das Auftreten von Fehlern nicht v\u00f6llig ausgeschlossen werden, womit wir keine Garantie f\u00fcr Vollst\u00e4ndigkeit, Richtigkeit und Aktualit\u00e4t von Informationen auch journalistisch-redaktioneller Art \u00fcbernehmen k\u00f6nnen. Haftungsanspr\u00fcche aus Sch\u00e4den materieller oder ideeller Art, die durch die Nutzung der angebotenen Informationen verursacht wurden, sind ausgeschlossen, sofern kein nachweislich vors\u00e4tzliches oder grob fahrl\u00e4ssiges Verschulden vorliegt.<\/p>\n<p>Der Herausgeber kann nach eigenem Ermessen und ohne Ank\u00fcndigung Texte ver\u00e4ndern oder l\u00f6schen und ist nicht verpflichtet, Inhalte dieser Website zu aktualisieren. Die Benutzung bzw. der Zugang zu dieser Website geschieht auf eigene Gefahr des Besuchers. Der Herausgeber, seine Auftraggeber oder Partner sind nicht verantwortlich f\u00fcr Sch\u00e4den, wie direkte, indirekte, zuf\u00e4llige, vorab konkret zu bestimmende oder Folgesch\u00e4den, die angeblich durch den Besuch dieser Website entstanden sind und \u00fcbernehmen hierf\u00fcr folglich keine Haftung.<\/p>\n<p>Der Herausgeber \u00fcbernimmt ebenfalls keine Verantwortung und Haftung f\u00fcr die Inhalte und die Verf\u00fcgbarkeit von Webseiten Dritter, die \u00fcber externe Links dieser Webseite erreichbar sind. F\u00fcr den Inhalt der verlinkten Seiten sind ausschliesslich deren Betreiber verantwortlich. Der Herausgeber distanziert sich damit ausdr\u00fccklich von allen Inhalten Dritter, die m\u00f6glicherweise straf- oder haftungsrechtlich relevant sind oder gegen die guten Sitten verstossen.<\/p>\n<h2>\u00c4nderungen<\/h2>\n<p>Wir k\u00f6nnen diese Datenschutzerkl\u00e4rung jederzeit ohne Vorank\u00fcndigung anpassen. Es gilt die jeweils aktuelle, auf unserer Website publizierte Fassung. Soweit die Datenschutzerkl\u00e4rung Teil einer Vereinbarung mit Ihnen ist, werden wir Sie im Falle einer Aktualisierung \u00fcber die \u00c4nderung per E-Mail oder auf andere geeignete Weise informieren.<\/p>\n<h2>Fragen an den Datenschutzbeauftragten<\/h2>\n<p>Wenn Sie Fragen zum Datenschutz haben, schreiben Sie uns bitte eine E-Mail oder wenden Sie sich direkt an die f\u00fcr den Datenschutz zu Beginn der Datenschutzerkl\u00e4rung aufgef\u00fchrten, verantwortlichen Person in unserer Organisation.<\/p>\n<p>Rain, 24.04.2019<!--ACHTUNG: Wenn Sie die Quelle ohne Erlaubnis von SwissAnwalt entfernen, dann begehen Sie eine Urheberrechtsverletzung welche in jedem Fall unter Kostenfolge geahndet wird.--><br \/>\nQuelle: <a href=\"https:\/\/www.swissanwalt.ch\" target=\"_blank\" rel=\"noopener noreferrer\">SwissAnwalt<\/a><\/p>\n<p><!--Bitte beachten Sie die AGB von SwissAnwalt betreffend allf\u00e4llig anfallenden Kosten bei Weglassen der Quelle!--><\/p>\n","protected":false},"excerpt":{"rendered":"<p>Datenschutzerkl\u00e4rung Verantwortliche Stelle im Sinne der Datenschutzgesetze, insbesondere der EU-Datenschutzgrundverordnung (DSGVO), ist: Skischule Sursee Florian Gehrig 6276 Hohenrain E-Mail: info@skischule-sursee.ch WebSite: https:\/\/skischule-sursee.ch\/ Allgemeiner Hinweis Gest\u00fctzt auf Artikel 13 der schweizerischen Bundesverfassung und die datenschutzrechtlichen Bestimmungen des Bundes (Datenschutzgesetz, DSG) hat jede Person Anspruch auf Schutz ihrer Privatsph\u00e4re sowie auf Schutz vor Missbrauch ihrer pers\u00f6nlichen Daten. [&hellip;]<\/p>\n","protected":false},"author":1,"featured_media":0,"parent":0,"menu_order":0,"comment_status":"closed","ping_status":"closed","template":"","meta":{"_themeisle_gutenberg_block_has_review":false,"footnotes":""},"class_list":["post-97","page","type-page","status-publish","hentry"],"_links":{"self":[{"href":"https:\/\/skischule-sursee.ch\/index.php?rest_route=\/wp\/v2\/pages\/97","targetHints":{"allow":["GET"]}}],"collection":[{"href":"https:\/\/skischule-sursee.ch\/index.php?rest_route=\/wp\/v2\/pages"}],"about":[{"href":"https:\/\/skischule-sursee.ch\/index.php?rest_route=\/wp\/v2\/types\/page"}],"author":[{"embeddable":true,"href":"https:\/\/skischule-sursee.ch\/index.php?rest_route=\/wp\/v2\/users\/1"}],"replies":[{"embeddable":true,"href":"https:\/\/skischule-sursee.ch\/index.php?rest_route=%2Fwp%2Fv2%2Fcomments&post=97"}],"version-history":[{"count":6,"href":"https:\/\/skischule-sursee.ch\/index.php?rest_route=\/wp\/v2\/pages\/97\/revisions"}],"predecessor-version":[{"id":998,"href":"https:\/\/skischule-sursee.ch\/index.php?rest_route=\/wp\/v2\/pages\/97\/revisions\/998"}],"wp:attachment":[{"href":"https:\/\/skischule-sursee.ch\/index.php?rest_route=%2Fwp%2Fv2%2Fmedia&parent=97"}],"curies":[{"name":"wp","href":"https:\/\/api.w.org\/{rel}","templated":true}]}}